{"id":657,"date":"2021-06-12T08:59:05","date_gmt":"2021-06-12T08:59:05","guid":{"rendered":"https:\/\/aristaria.es\/?page_id=657"},"modified":"2021-06-12T09:09:43","modified_gmt":"2021-06-12T09:09:43","slug":"aridos-para-mezclas-bituminosas","status":"publish","type":"page","link":"https:\/\/aristaria.es\/?page_id=657","title":{"rendered":"\u00c1ridos para mezclas bituminosas"},"content":{"rendered":"\t\t<div data-elementor-type=\"wp-page\" data-elementor-id=\"657\" class=\"elementor elementor-657\">\n\t\t\t\t\t\t<div class=\"elementor-inner\">\n\t\t\t\t<div class=\"elementor-section-wrap\">\n\t\t\t\t\t\t\t\t\t<section class=\"elementor-section elementor-top-section elementor-element elementor-element-2019323b elementor-section-boxed elementor-section-height-default elementor-section-height-default\" data-id=\"2019323b\" data-element_type=\"section\" data-settings=\"{&quot;background_background&quot;:&quot;classic&quot;}\">\n\t\t\t\t\t\t<div class=\"elementor-container elementor-column-gap-default\">\n\t\t\t\t\t\t\t<div class=\"elementor-row\">\n\t\t\t\t\t<div class=\"elementor-column elementor-col-100 elementor-top-column elementor-element elementor-element-629f02a\" data-id=\"629f02a\" data-element_type=\"column\">\n\t\t\t<div class=\"elementor-column-wrap elementor-element-populated\">\n\t\t\t\t\t\t\t<div class=\"elementor-widget-wrap\">\n\t\t\t\t\t\t<div class=\"elementor-element elementor-element-b22de6f elementor-widget elementor-widget-heading\" data-id=\"b22de6f\" data-element_type=\"widget\" data-widget_type=\"heading.default\">\n\t\t\t\t<div class=\"elementor-widget-container\">\n\t\t\t<h1 class=\"elementor-heading-title elementor-size-default\">\u00c1ridos para mezclas bituminosas<\/h1>\t\t<\/div>\n\t\t\t\t<\/div>\n\t\t\t\t\t\t<\/div>\n\t\t\t\t\t<\/div>\n\t\t<\/div>\n\t\t\t\t\t\t\t\t<\/div>\n\t\t\t\t\t<\/div>\n\t\t<\/section>\n\t\t\t\t<section class=\"elementor-section elementor-top-section elementor-element elementor-element-4d0479cd elementor-section-content-middle elementor-reverse-mobile elementor-section-boxed elementor-section-height-default elementor-section-height-default\" data-id=\"4d0479cd\" data-element_type=\"section\">\n\t\t\t\t\t\t<div class=\"elementor-container elementor-column-gap-default\">\n\t\t\t\t\t\t\t<div class=\"elementor-row\">\n\t\t\t\t\t<div class=\"elementor-column elementor-col-50 elementor-top-column elementor-element elementor-element-7d9216a\" data-id=\"7d9216a\" data-element_type=\"column\">\n\t\t\t<div class=\"elementor-column-wrap elementor-element-populated\">\n\t\t\t\t\t\t\t<div class=\"elementor-widget-wrap\">\n\t\t\t\t\t\t<div class=\"elementor-element elementor-element-c097e5f elementor-widget elementor-widget-spacer\" data-id=\"c097e5f\" data-element_type=\"widget\" data-widget_type=\"spacer.default\">\n\t\t\t\t<div class=\"elementor-widget-container\">\n\t\t\t\t\t<div class=\"elementor-spacer\">\n\t\t\t<div class=\"elementor-spacer-inner\"><\/div>\n\t\t<\/div>\n\t\t\t\t<\/div>\n\t\t\t\t<\/div>\n\t\t\t\t<div class=\"elementor-element elementor-element-4aeb56f8 elementor-widget elementor-widget-image\" data-id=\"4aeb56f8\" data-element_type=\"widget\" data-widget_type=\"image.default\">\n\t\t\t\t<div class=\"elementor-widget-container\">\n\t\t\t\t\t\t\t\t<div class=\"elementor-image\">\n\t\t\t\t\t\t\t\t\t\t\t\t\t<a href=\"https:\/\/aristaria.es\/wp-content\/uploads\/2021\/06\/AF-T-0_4-C.jpg\" data-elementor-open-lightbox=\"yes\" data-e-action-hash=\"#elementor-action%3Aaction%3Dlightbox%26settings%3DeyJpZCI6NjUyLCJ1cmwiOiJodHRwczpcL1wvYXJpc3RhcmlhLmVzXC93cC1jb250ZW50XC91cGxvYWRzXC8yMDIxXC8wNlwvQUYtVC0wXzQtQy5qcGcifQ%3D%3D\">\n\t\t\t\t\t\t\t<img loading=\"lazy\" decoding=\"async\" width=\"2016\" height=\"1512\" src=\"https:\/\/aristaria.es\/wp-content\/uploads\/2021\/06\/AF-T-0_4-C.jpg\" class=\"attachment-full size-full wp-image-652\" alt=\"\" srcset=\"https:\/\/aristaria.es\/wp-content\/uploads\/2021\/06\/AF-T-0_4-C.jpg 2016w, https:\/\/aristaria.es\/wp-content\/uploads\/2021\/06\/AF-T-0_4-C-300x225.jpg 300w, https:\/\/aristaria.es\/wp-content\/uploads\/2021\/06\/AF-T-0_4-C-1024x768.jpg 1024w, https:\/\/aristaria.es\/wp-content\/uploads\/2021\/06\/AF-T-0_4-C-768x576.jpg 768w, https:\/\/aristaria.es\/wp-content\/uploads\/2021\/06\/AF-T-0_4-C-1536x1152.jpg 1536w\" sizes=\"auto, 100vw\" \/>\t\t\t\t\t\t\t\t<\/a>\n\t\t\t\t\t\t\t\t\t\t\t\t\t\t<\/div>\n\t\t\t\t\t\t<\/div>\n\t\t\t\t<\/div>\n\t\t\t\t\t\t<\/div>\n\t\t\t\t\t<\/div>\n\t\t<\/div>\n\t\t\t\t<div class=\"elementor-column elementor-col-50 elementor-top-column elementor-element elementor-element-7e89bc7\" data-id=\"7e89bc7\" data-element_type=\"column\">\n\t\t\t<div class=\"elementor-column-wrap elementor-element-populated\">\n\t\t\t\t\t\t\t<div class=\"elementor-widget-wrap\">\n\t\t\t\t\t\t<div class=\"elementor-element elementor-element-1eba76c6 elementor-widget elementor-widget-heading\" data-id=\"1eba76c6\" data-element_type=\"widget\" data-widget_type=\"heading.default\">\n\t\t\t\t<div class=\"elementor-widget-container\">\n\t\t\t<h3 class=\"elementor-heading-title elementor-size-large\">Arena AF-T-0\/4-C<\/h3>\t\t<\/div>\n\t\t\t\t<\/div>\n\t\t\t\t<div class=\"elementor-element elementor-element-a3af74f elementor-widget elementor-widget-button\" data-id=\"a3af74f\" data-element_type=\"widget\" data-widget_type=\"button.default\">\n\t\t\t\t<div class=\"elementor-widget-container\">\n\t\t\t\t\t<div class=\"elementor-button-wrapper\">\n\t\t\t<a class=\"elementor-button elementor-button-link elementor-size-md elementor-animation-grow\" href=\"https:\/\/aristaria.es\/wp-content\/uploads\/2021\/06\/FICHA-0_4-M.-BITUMINOSAS.pdf\" target=\"_blank\">\n\t\t\t\t\t\t<span class=\"elementor-button-content-wrapper\">\n\t\t\t\t\t\t<span class=\"elementor-button-icon elementor-align-icon-left\">\n\t\t\t\t<i aria-hidden=\"true\" class=\"far fa-arrow-alt-circle-down\"><\/i>\t\t\t<\/span>\n\t\t\t\t\t\t<span class=\"elementor-button-text\">Ficha t\u00e9cnica<\/span>\n\t\t<\/span>\n\t\t\t\t\t<\/a>\n\t\t<\/div>\n\t\t\t\t<\/div>\n\t\t\t\t<\/div>\n\t\t\t\t\t\t<\/div>\n\t\t\t\t\t<\/div>\n\t\t<\/div>\n\t\t\t\t\t\t\t\t<\/div>\n\t\t\t\t\t<\/div>\n\t\t<\/section>\n\t\t\t\t<section class=\"elementor-section elementor-top-section elementor-element elementor-element-582791e elementor-section-content-middle elementor-section-boxed elementor-section-height-default elementor-section-height-default\" data-id=\"582791e\" data-element_type=\"section\">\n\t\t\t\t\t\t<div class=\"elementor-container elementor-column-gap-default\">\n\t\t\t\t\t\t\t<div class=\"elementor-row\">\n\t\t\t\t\t<div class=\"elementor-column elementor-col-50 elementor-top-column elementor-element elementor-element-3952883a\" data-id=\"3952883a\" data-element_type=\"column\">\n\t\t\t<div class=\"elementor-column-wrap elementor-element-populated\">\n\t\t\t\t\t\t\t<div class=\"elementor-widget-wrap\">\n\t\t\t\t\t\t<div class=\"elementor-element elementor-element-68072174 elementor-widget elementor-widget-heading\" data-id=\"68072174\" data-element_type=\"widget\" data-widget_type=\"heading.default\">\n\t\t\t\t<div class=\"elementor-widget-container\">\n\t\t\t<h3 class=\"elementor-heading-title elementor-size-large\">Grava AG-T-4\/11-C<\/h3>\t\t<\/div>\n\t\t\t\t<\/div>\n\t\t\t\t<div class=\"elementor-element elementor-element-cff058d elementor-widget elementor-widget-button\" data-id=\"cff058d\" data-element_type=\"widget\" data-widget_type=\"button.default\">\n\t\t\t\t<div class=\"elementor-widget-container\">\n\t\t\t\t\t<div class=\"elementor-button-wrapper\">\n\t\t\t<a class=\"elementor-button elementor-button-link elementor-size-md elementor-animation-grow\" href=\"https:\/\/aristaria.es\/wp-content\/uploads\/2021\/06\/FICHA-4_11-M.-BITUMINOSAS.pdf\" target=\"_blank\">\n\t\t\t\t\t\t<span class=\"elementor-button-content-wrapper\">\n\t\t\t\t\t\t<span class=\"elementor-button-icon elementor-align-icon-left\">\n\t\t\t\t<i aria-hidden=\"true\" class=\"far fa-arrow-alt-circle-down\"><\/i>\t\t\t<\/span>\n\t\t\t\t\t\t<span class=\"elementor-button-text\">Ficha t\u00e9cnica<\/span>\n\t\t<\/span>\n\t\t\t\t\t<\/a>\n\t\t<\/div>\n\t\t\t\t<\/div>\n\t\t\t\t<\/div>\n\t\t\t\t\t\t<\/div>\n\t\t\t\t\t<\/div>\n\t\t<\/div>\n\t\t\t\t<div class=\"elementor-column elementor-col-50 elementor-top-column elementor-element elementor-element-5246aad1\" data-id=\"5246aad1\" data-element_type=\"column\">\n\t\t\t<div class=\"elementor-column-wrap elementor-element-populated\">\n\t\t\t\t\t\t\t<div class=\"elementor-widget-wrap\">\n\t\t\t\t\t\t<div class=\"elementor-element elementor-element-1bcc83d elementor-widget elementor-widget-spacer\" data-id=\"1bcc83d\" data-element_type=\"widget\" data-widget_type=\"spacer.default\">\n\t\t\t\t<div class=\"elementor-widget-container\">\n\t\t\t\t\t<div class=\"elementor-spacer\">\n\t\t\t<div class=\"elementor-spacer-inner\"><\/div>\n\t\t<\/div>\n\t\t\t\t<\/div>\n\t\t\t\t<\/div>\n\t\t\t\t<div class=\"elementor-element elementor-element-2c64d768 elementor-widget elementor-widget-image\" data-id=\"2c64d768\" data-element_type=\"widget\" data-widget_type=\"image.default\">\n\t\t\t\t<div class=\"elementor-widget-container\">\n\t\t\t\t\t\t\t\t<div class=\"elementor-image\">\n\t\t\t\t\t\t\t\t\t\t\t\t\t<a href=\"https:\/\/aristaria.es\/wp-content\/uploads\/2021\/06\/AG-T-4_11-C.jpg\" data-elementor-open-lightbox=\"yes\" data-e-action-hash=\"#elementor-action%3Aaction%3Dlightbox%26settings%3DeyJpZCI6NjUxLCJ1cmwiOiJodHRwczpcL1wvYXJpc3RhcmlhLmVzXC93cC1jb250ZW50XC91cGxvYWRzXC8yMDIxXC8wNlwvQUctVC00XzExLUMuanBnIn0%3D\">\n\t\t\t\t\t\t\t<img loading=\"lazy\" decoding=\"async\" width=\"2016\" height=\"1512\" src=\"https:\/\/aristaria.es\/wp-content\/uploads\/2021\/06\/AG-T-4_11-C.jpg\" class=\"attachment-full size-full wp-image-651\" alt=\"\" srcset=\"https:\/\/aristaria.es\/wp-content\/uploads\/2021\/06\/AG-T-4_11-C.jpg 2016w, https:\/\/aristaria.es\/wp-content\/uploads\/2021\/06\/AG-T-4_11-C-300x225.jpg 300w, https:\/\/aristaria.es\/wp-content\/uploads\/2021\/06\/AG-T-4_11-C-1024x768.jpg 1024w, https:\/\/aristaria.es\/wp-content\/uploads\/2021\/06\/AG-T-4_11-C-768x576.jpg 768w, https:\/\/aristaria.es\/wp-content\/uploads\/2021\/06\/AG-T-4_11-C-1536x1152.jpg 1536w\" sizes=\"auto, 100vw\" \/>\t\t\t\t\t\t\t\t<\/a>\n\t\t\t\t\t\t\t\t\t\t\t\t\t\t<\/div>\n\t\t\t\t\t\t<\/div>\n\t\t\t\t<\/div>\n\t\t\t\t\t\t<\/div>\n\t\t\t\t\t<\/div>\n\t\t<\/div>\n\t\t\t\t\t\t\t\t<\/div>\n\t\t\t\t\t<\/div>\n\t\t<\/section>\n\t\t\t\t<section class=\"elementor-section elementor-top-section elementor-element elementor-element-712baa4 elementor-section-content-middle elementor-reverse-mobile elementor-section-boxed elementor-section-height-default elementor-section-height-default\" data-id=\"712baa4\" data-element_type=\"section\">\n\t\t\t\t\t\t<div class=\"elementor-container elementor-column-gap-default\">\n\t\t\t\t\t\t\t<div class=\"elementor-row\">\n\t\t\t\t\t<div class=\"elementor-column elementor-col-50 elementor-top-column elementor-element elementor-element-26d2b4a\" data-id=\"26d2b4a\" data-element_type=\"column\">\n\t\t\t<div class=\"elementor-column-wrap elementor-element-populated\">\n\t\t\t\t\t\t\t<div class=\"elementor-widget-wrap\">\n\t\t\t\t\t\t<div class=\"elementor-element elementor-element-e54adb6 elementor-widget elementor-widget-spacer\" data-id=\"e54adb6\" data-element_type=\"widget\" data-widget_type=\"spacer.default\">\n\t\t\t\t<div class=\"elementor-widget-container\">\n\t\t\t\t\t<div class=\"elementor-spacer\">\n\t\t\t<div class=\"elementor-spacer-inner\"><\/div>\n\t\t<\/div>\n\t\t\t\t<\/div>\n\t\t\t\t<\/div>\n\t\t\t\t<div class=\"elementor-element elementor-element-6ec60f5 elementor-widget elementor-widget-image\" data-id=\"6ec60f5\" data-element_type=\"widget\" data-widget_type=\"image.default\">\n\t\t\t\t<div class=\"elementor-widget-container\">\n\t\t\t\t\t\t\t\t<div class=\"elementor-image\">\n\t\t\t\t\t\t\t\t\t\t\t\t\t<a href=\"https:\/\/aristaria.es\/wp-content\/uploads\/2021\/06\/AG-T-10_20-C.jpg\" data-elementor-open-lightbox=\"yes\" data-e-action-hash=\"#elementor-action%3Aaction%3Dlightbox%26settings%3DeyJpZCI6NjUwLCJ1cmwiOiJodHRwczpcL1wvYXJpc3RhcmlhLmVzXC93cC1jb250ZW50XC91cGxvYWRzXC8yMDIxXC8wNlwvQUctVC0xMF8yMC1DLmpwZyJ9\">\n\t\t\t\t\t\t\t<img loading=\"lazy\" decoding=\"async\" width=\"1770\" height=\"1327\" src=\"https:\/\/aristaria.es\/wp-content\/uploads\/2021\/06\/AG-T-10_20-C.jpg\" class=\"attachment-full size-full wp-image-650\" alt=\"\" srcset=\"https:\/\/aristaria.es\/wp-content\/uploads\/2021\/06\/AG-T-10_20-C.jpg 1770w, https:\/\/aristaria.es\/wp-content\/uploads\/2021\/06\/AG-T-10_20-C-300x225.jpg 300w, https:\/\/aristaria.es\/wp-content\/uploads\/2021\/06\/AG-T-10_20-C-1024x768.jpg 1024w, https:\/\/aristaria.es\/wp-content\/uploads\/2021\/06\/AG-T-10_20-C-768x576.jpg 768w, https:\/\/aristaria.es\/wp-content\/uploads\/2021\/06\/AG-T-10_20-C-1536x1152.jpg 1536w\" sizes=\"auto, 100vw\" \/>\t\t\t\t\t\t\t\t<\/a>\n\t\t\t\t\t\t\t\t\t\t\t\t\t\t<\/div>\n\t\t\t\t\t\t<\/div>\n\t\t\t\t<\/div>\n\t\t\t\t\t\t<\/div>\n\t\t\t\t\t<\/div>\n\t\t<\/div>\n\t\t\t\t<div class=\"elementor-column elementor-col-50 elementor-top-column elementor-element elementor-element-4620c79\" data-id=\"4620c79\" data-element_type=\"column\">\n\t\t\t<div class=\"elementor-column-wrap elementor-element-populated\">\n\t\t\t\t\t\t\t<div class=\"elementor-widget-wrap\">\n\t\t\t\t\t\t<div class=\"elementor-element elementor-element-ea95fb8 elementor-widget elementor-widget-heading\" data-id=\"ea95fb8\" data-element_type=\"widget\" data-widget_type=\"heading.default\">\n\t\t\t\t<div class=\"elementor-widget-container\">\n\t\t\t<h3 class=\"elementor-heading-title elementor-size-large\">Grava AG-T-10\/20-C<\/h3>\t\t<\/div>\n\t\t\t\t<\/div>\n\t\t\t\t<div class=\"elementor-element elementor-element-71b77bb elementor-widget elementor-widget-button\" data-id=\"71b77bb\" data-element_type=\"widget\" data-widget_type=\"button.default\">\n\t\t\t\t<div class=\"elementor-widget-container\">\n\t\t\t\t\t<div class=\"elementor-button-wrapper\">\n\t\t\t<a class=\"elementor-button elementor-button-link elementor-size-md elementor-animation-grow\" href=\"https:\/\/aristaria.es\/wp-content\/uploads\/2021\/06\/FICHA-10_20-M.-BITUMINOSAS.pdf\" target=\"_blank\">\n\t\t\t\t\t\t<span class=\"elementor-button-content-wrapper\">\n\t\t\t\t\t\t<span class=\"elementor-button-icon elementor-align-icon-left\">\n\t\t\t\t<i aria-hidden=\"true\" class=\"far fa-arrow-alt-circle-down\"><\/i>\t\t\t<\/span>\n\t\t\t\t\t\t<span class=\"elementor-button-text\">Ficha t\u00e9cnica<\/span>\n\t\t<\/span>\n\t\t\t\t\t<\/a>\n\t\t<\/div>\n\t\t\t\t<\/div>\n\t\t\t\t<\/div>\n\t\t\t\t\t\t<\/div>\n\t\t\t\t\t<\/div>\n\t\t<\/div>\n\t\t\t\t\t\t\t\t<\/div>\n\t\t\t\t\t<\/div>\n\t\t<\/section>\n\t\t\t\t<section class=\"elementor-section elementor-top-section elementor-element elementor-element-790a2bd8 elementor-section-boxed elementor-section-height-default elementor-section-height-default\" data-id=\"790a2bd8\" data-element_type=\"section\">\n\t\t\t\t\t\t\t<div class=\"elementor-background-overlay\"><\/div>\n\t\t\t\t\t\t\t<div class=\"elementor-container elementor-column-gap-default\">\n\t\t\t\t\t\t\t<div class=\"elementor-row\">\n\t\t\t\t\t<div class=\"elementor-column elementor-col-50 elementor-top-column elementor-element elementor-element-2f1a5d8\" data-id=\"2f1a5d8\" data-element_type=\"column\">\n\t\t\t<div class=\"elementor-column-wrap elementor-element-populated\">\n\t\t\t\t\t\t\t<div class=\"elementor-widget-wrap\">\n\t\t\t\t\t\t<div class=\"elementor-element elementor-element-332c7898 elementor-view-default elementor-widget elementor-widget-icon\" data-id=\"332c7898\" data-element_type=\"widget\" data-widget_type=\"icon.default\">\n\t\t\t\t<div class=\"elementor-widget-container\">\n\t\t\t\t\t<div class=\"elementor-icon-wrapper\">\n\t\t\t<div class=\"elementor-icon\">\n\t\t\t<i aria-hidden=\"true\" class=\"fas fa-phone\"><\/i>\t\t\t<\/div>\n\t\t<\/div>\n\t\t\t\t<\/div>\n\t\t\t\t<\/div>\n\t\t\t\t<div class=\"elementor-element elementor-element-5e586cc5 elementor-widget elementor-widget-heading\" data-id=\"5e586cc5\" data-element_type=\"widget\" data-widget_type=\"heading.default\">\n\t\t\t\t<div class=\"elementor-widget-container\">\n\t\t\t<h2 class=\"elementor-heading-title elementor-size-small\">961 653 773 - 667 475 420\n<\/h2>\t\t<\/div>\n\t\t\t\t<\/div>\n\t\t\t\t\t\t<\/div>\n\t\t\t\t\t<\/div>\n\t\t<\/div>\n\t\t\t\t<div class=\"elementor-column elementor-col-50 elementor-top-column elementor-element elementor-element-48e33d0b\" data-id=\"48e33d0b\" data-element_type=\"column\">\n\t\t\t<div class=\"elementor-column-wrap elementor-element-populated\">\n\t\t\t\t\t\t\t<div class=\"elementor-widget-wrap\">\n\t\t\t\t\t\t<div class=\"elementor-element elementor-element-74f2cae8 elementor-view-default elementor-widget elementor-widget-icon\" data-id=\"74f2cae8\" data-element_type=\"widget\" data-widget_type=\"icon.default\">\n\t\t\t\t<div class=\"elementor-widget-container\">\n\t\t\t\t\t<div class=\"elementor-icon-wrapper\">\n\t\t\t<div class=\"elementor-icon\">\n\t\t\t<i aria-hidden=\"true\" class=\"far fa-envelope\"><\/i>\t\t\t<\/div>\n\t\t<\/div>\n\t\t\t\t<\/div>\n\t\t\t\t<\/div>\n\t\t\t\t<div class=\"elementor-element elementor-element-27a56b17 elementor-widget elementor-widget-heading\" data-id=\"27a56b17\" data-element_type=\"widget\" data-widget_type=\"heading.default\">\n\t\t\t\t<div class=\"elementor-widget-container\">\n\t\t\t<h2 class=\"elementor-heading-title elementor-size-small\">info@aristaria.es<\/h2>\t\t<\/div>\n\t\t\t\t<\/div>\n\t\t\t\t\t\t<\/div>\n\t\t\t\t\t<\/div>\n\t\t<\/div>\n\t\t\t\t\t\t\t\t<\/div>\n\t\t\t\t\t<\/div>\n\t\t<\/section>\n\t\t\t\t\t\t\t\t\t<\/div>\n\t\t\t<\/div>\n\t\t\t\t\t<\/div>\n\t\t","protected":false},"excerpt":{"rendered":"<p>\u00c1ridos para mezclas bituminosas Arena AF-T-0\/4-C Ficha t\u00e9cnica Grava AG-T-4\/11-C Ficha t\u00e9cnica Grava AG-T-10\/20-C Ficha t\u00e9cnica 961 653 773 &#8211; 667 475 420 info@aristaria.es<\/p>\n","protected":false},"author":1,"featured_media":0,"parent":0,"menu_order":0,"comment_status":"closed","ping_status":"closed","template":"elementor_header_footer","meta":{"footnotes":""},"class_list":["post-657","page","type-page","status-publish","hentry"],"yoast_head":"<!-- This site is optimized with the Yoast SEO plugin v20.10 - https:\/\/yoast.com\/wordpress\/plugins\/seo\/ -->\n<title>\u00c1ridos para mezclas bituminosas - Aristaria S.L<\/title>\n<meta name=\"description\" content=\"Encuentra en Aristaria S.L todos los \u00e1ridos para capas granulares disponibles. Descarga la ficha para ver toda la informaci\u00f3n al respecto de cada material.\" \/>\n<meta name=\"robots\" content=\"index, follow, max-snippet:-1, max-image-preview:large, max-video-preview:-1\" \/>\n<link rel=\"canonical\" href=\"https:\/\/aristaria.es\/?page_id=657\" \/>\n<meta property=\"og:locale\" content=\"es_ES\" \/>\n<meta property=\"og:type\" content=\"article\" \/>\n<meta property=\"og:title\" content=\"\u00c1ridos para mezclas bituminosas - Aristaria S.L\" \/>\n<meta property=\"og:description\" content=\"Encuentra en Aristaria S.L todos los \u00e1ridos para capas granulares disponibles. Descarga la ficha para ver toda la informaci\u00f3n al respecto de cada material.\" \/>\n<meta property=\"og:url\" content=\"https:\/\/aristaria.es\/?page_id=657\" \/>\n<meta property=\"og:site_name\" content=\"Aristaria S.L\" \/>\n<meta property=\"article:modified_time\" content=\"2021-06-12T09:09:43+00:00\" \/>\n<meta property=\"og:image\" content=\"https:\/\/aristaria.es\/wp-content\/uploads\/2021\/06\/AF-T-0_4-C.jpg\" \/>\n<meta name=\"twitter:card\" content=\"summary_large_image\" \/>\n<script type=\"application\/ld+json\" class=\"yoast-schema-graph\">{\"@context\":\"https:\/\/schema.org\",\"@graph\":[{\"@type\":\"WebPage\",\"@id\":\"https:\/\/aristaria.es\/?page_id=657\",\"url\":\"https:\/\/aristaria.es\/?page_id=657\",\"name\":\"\u00c1ridos para mezclas bituminosas - Aristaria S.L\",\"isPartOf\":{\"@id\":\"https:\/\/aristaria.es\/#website\"},\"datePublished\":\"2021-06-12T08:59:05+00:00\",\"dateModified\":\"2021-06-12T09:09:43+00:00\",\"description\":\"Encuentra en Aristaria S.L todos los \u00e1ridos para capas granulares disponibles. Descarga la ficha para ver toda la informaci\u00f3n al respecto de cada material.\",\"breadcrumb\":{\"@id\":\"https:\/\/aristaria.es\/?page_id=657#breadcrumb\"},\"inLanguage\":\"es\",\"potentialAction\":[{\"@type\":\"ReadAction\",\"target\":[\"https:\/\/aristaria.es\/?page_id=657\"]}]},{\"@type\":\"BreadcrumbList\",\"@id\":\"https:\/\/aristaria.es\/?page_id=657#breadcrumb\",\"itemListElement\":[{\"@type\":\"ListItem\",\"position\":1,\"name\":\"Portada\",\"item\":\"https:\/\/aristaria.es\/\"},{\"@type\":\"ListItem\",\"position\":2,\"name\":\"\u00c1ridos para mezclas bituminosas\"}]},{\"@type\":\"WebSite\",\"@id\":\"https:\/\/aristaria.es\/#website\",\"url\":\"https:\/\/aristaria.es\/\",\"name\":\"Aristaria S.L\",\"description\":\"Cantera de \u00e1ridos\",\"publisher\":{\"@id\":\"https:\/\/aristaria.es\/#organization\"},\"potentialAction\":[{\"@type\":\"SearchAction\",\"target\":{\"@type\":\"EntryPoint\",\"urlTemplate\":\"https:\/\/aristaria.es\/?s={search_term_string}\"},\"query-input\":\"required name=search_term_string\"}],\"inLanguage\":\"es\"},{\"@type\":\"Organization\",\"@id\":\"https:\/\/aristaria.es\/#organization\",\"name\":\"Aristaria S.L\",\"url\":\"https:\/\/aristaria.es\/\",\"logo\":{\"@type\":\"ImageObject\",\"inLanguage\":\"es\",\"@id\":\"https:\/\/aristaria.es\/#\/schema\/logo\/image\/\",\"url\":\"https:\/\/aristaria.es\/wp-content\/uploads\/2020\/05\/cropped-aristaria-logo-1.png\",\"contentUrl\":\"https:\/\/aristaria.es\/wp-content\/uploads\/2020\/05\/cropped-aristaria-logo-1.png\",\"width\":250,\"height\":250,\"caption\":\"Aristaria S.L\"},\"image\":{\"@id\":\"https:\/\/aristaria.es\/#\/schema\/logo\/image\/\"}}]}<\/script>\n<!-- \/ Yoast SEO plugin. -->","yoast_head_json":{"title":"\u00c1ridos para mezclas bituminosas - Aristaria S.L","description":"Encuentra en Aristaria S.L todos los \u00e1ridos para capas granulares disponibles. Descarga la ficha para ver toda la informaci\u00f3n al respecto de cada material.","robots":{"index":"index","follow":"follow","max-snippet":"max-snippet:-1","max-image-preview":"max-image-preview:large","max-video-preview":"max-video-preview:-1"},"canonical":"https:\/\/aristaria.es\/?page_id=657","og_locale":"es_ES","og_type":"article","og_title":"\u00c1ridos para mezclas bituminosas - Aristaria S.L","og_description":"Encuentra en Aristaria S.L todos los \u00e1ridos para capas granulares disponibles. Descarga la ficha para ver toda la informaci\u00f3n al respecto de cada material.","og_url":"https:\/\/aristaria.es\/?page_id=657","og_site_name":"Aristaria S.L","article_modified_time":"2021-06-12T09:09:43+00:00","og_image":[{"url":"https:\/\/aristaria.es\/wp-content\/uploads\/2021\/06\/AF-T-0_4-C.jpg"}],"twitter_card":"summary_large_image","schema":{"@context":"https:\/\/schema.org","@graph":[{"@type":"WebPage","@id":"https:\/\/aristaria.es\/?page_id=657","url":"https:\/\/aristaria.es\/?page_id=657","name":"\u00c1ridos para mezclas bituminosas - Aristaria S.L","isPartOf":{"@id":"https:\/\/aristaria.es\/#website"},"datePublished":"2021-06-12T08:59:05+00:00","dateModified":"2021-06-12T09:09:43+00:00","description":"Encuentra en Aristaria S.L todos los \u00e1ridos para capas granulares disponibles. Descarga la ficha para ver toda la informaci\u00f3n al respecto de cada material.","breadcrumb":{"@id":"https:\/\/aristaria.es\/?page_id=657#breadcrumb"},"inLanguage":"es","potentialAction":[{"@type":"ReadAction","target":["https:\/\/aristaria.es\/?page_id=657"]}]},{"@type":"BreadcrumbList","@id":"https:\/\/aristaria.es\/?page_id=657#breadcrumb","itemListElement":[{"@type":"ListItem","position":1,"name":"Portada","item":"https:\/\/aristaria.es\/"},{"@type":"ListItem","position":2,"name":"\u00c1ridos para mezclas bituminosas"}]},{"@type":"WebSite","@id":"https:\/\/aristaria.es\/#website","url":"https:\/\/aristaria.es\/","name":"Aristaria S.L","description":"Cantera de \u00e1ridos","publisher":{"@id":"https:\/\/aristaria.es\/#organization"},"potentialAction":[{"@type":"SearchAction","target":{"@type":"EntryPoint","urlTemplate":"https:\/\/aristaria.es\/?s={search_term_string}"},"query-input":"required name=search_term_string"}],"inLanguage":"es"},{"@type":"Organization","@id":"https:\/\/aristaria.es\/#organization","name":"Aristaria S.L","url":"https:\/\/aristaria.es\/","logo":{"@type":"ImageObject","inLanguage":"es","@id":"https:\/\/aristaria.es\/#\/schema\/logo\/image\/","url":"https:\/\/aristaria.es\/wp-content\/uploads\/2020\/05\/cropped-aristaria-logo-1.png","contentUrl":"https:\/\/aristaria.es\/wp-content\/uploads\/2020\/05\/cropped-aristaria-logo-1.png","width":250,"height":250,"caption":"Aristaria S.L"},"image":{"@id":"https:\/\/aristaria.es\/#\/schema\/logo\/image\/"}}]}},"_links":{"self":[{"href":"https:\/\/aristaria.es\/index.php?rest_route=\/wp\/v2\/pages\/657","targetHints":{"allow":["GET"]}}],"collection":[{"href":"https:\/\/aristaria.es\/index.php?rest_route=\/wp\/v2\/pages"}],"about":[{"href":"https:\/\/aristaria.es\/index.php?rest_route=\/wp\/v2\/types\/page"}],"author":[{"embeddable":true,"href":"https:\/\/aristaria.es\/index.php?rest_route=\/wp\/v2\/users\/1"}],"replies":[{"embeddable":true,"href":"https:\/\/aristaria.es\/index.php?rest_route=%2Fwp%2Fv2%2Fcomments&post=657"}],"version-history":[{"count":4,"href":"https:\/\/aristaria.es\/index.php?rest_route=\/wp\/v2\/pages\/657\/revisions"}],"predecessor-version":[{"id":662,"href":"https:\/\/aristaria.es\/index.php?rest_route=\/wp\/v2\/pages\/657\/revisions\/662"}],"wp:attachment":[{"href":"https:\/\/aristaria.es\/index.php?rest_route=%2Fwp%2Fv2%2Fmedia&parent=657"}],"curies":[{"name":"wp","href":"https:\/\/api.w.org\/{rel}","templated":true}]}}