{"id":490,"date":"2020-05-16T12:06:34","date_gmt":"2020-05-16T12:06:34","guid":{"rendered":"https:\/\/aristaria.es\/?page_id=490"},"modified":"2020-05-16T14:04:58","modified_gmt":"2020-05-16T14:04:58","slug":"politica-de-privacidad","status":"publish","type":"page","link":"https:\/\/aristaria.es\/?page_id=490","title":{"rendered":"Pol\u00edtica de privacidad"},"content":{"rendered":"\t\t<div data-elementor-type=\"wp-page\" data-elementor-id=\"490\" class=\"elementor elementor-490\">\n\t\t\t\t\t\t<div class=\"elementor-inner\">\n\t\t\t\t<div class=\"elementor-section-wrap\">\n\t\t\t\t\t\t\t\t\t<section class=\"elementor-section elementor-top-section elementor-element elementor-element-0139ff6 elementor-section-boxed elementor-section-height-default elementor-section-height-default\" data-id=\"0139ff6\" data-element_type=\"section\">\n\t\t\t\t\t\t<div class=\"elementor-container elementor-column-gap-default\">\n\t\t\t\t\t\t\t<div class=\"elementor-row\">\n\t\t\t\t\t<div class=\"elementor-column elementor-col-100 elementor-top-column elementor-element elementor-element-71f954d\" data-id=\"71f954d\" data-element_type=\"column\">\n\t\t\t<div class=\"elementor-column-wrap elementor-element-populated\">\n\t\t\t\t\t\t\t<div class=\"elementor-widget-wrap\">\n\t\t\t\t\t\t<div class=\"elementor-element elementor-element-7695100 elementor-widget elementor-widget-text-editor\" data-id=\"7695100\" data-element_type=\"widget\" data-widget_type=\"text-editor.default\">\n\t\t\t\t<div class=\"elementor-widget-container\">\n\t\t\t\t\t\t\t\t<div class=\"elementor-text-editor elementor-clearfix\">\n\t\t\t\t<ul>\n<li><span style=\"font-size: 10pt\"><strong>\u00bfQui\u00e9n es el Responsable del tratamiento de sus datos?<\/strong><\/span><\/li>\n<\/ul>\n<p><span style=\"font-size: 10pt\">El titular del presente Sitio es:<\/span><\/p>\n<p><span style=\"font-size: 10pt\"><strong>Raz\u00f3n social<\/strong>: ARISTARIA S.L<\/span><br><span style=\"font-size: 10pt\"><strong>NIF<\/strong>: B96759840<\/span><br><span style=\"font-size: 10pt\"><strong>Domicilio<\/strong>: Partida Puntal de la Creu s\/n 46190 Ribarroja de Turia<\/span><br><span style=\"font-size: 10pt\"><strong>Tel\u00e9fono<\/strong>: 961 653 773<\/span><br><span style=\"font-size: 10pt\"><strong>Inscrita en el Registro:<\/strong>&nbsp; Registro Mercantil de Valencia, al tomo 6067, libro 3373, folio 121, secci\u00f3n 8. hoja V-60110, inscripci\u00f3n 1\u00aa<\/span><\/p><p><span style=\"font-size: 10pt\"><strong>Correo electr\u00f3nico:<\/strong><a href=\"mailto:mas_info@aridosfilaes.es\">&nbsp;i<\/a>nfo@aristaria.es<\/span><br><span style=\"font-size: 10pt\"><strong>Nombre del dominio:&nbsp;<\/strong><a href=\"https:\/\/aridosfilaes.es\/\">https:\/\/aristaria.es<\/a>\/<\/span><\/p>\n<ul>\n<li><span style=\"font-size: 10pt\"><strong>\u00bfCon qu\u00e9 finalidad tratamos sus datos personales?<\/strong><\/span><\/li>\n<\/ul>\n<p><span style=\"font-size: 10pt\">En ARISTARIA S.L. utilizamos sus datos personales con las siguientes finalidades:<\/span><\/p>\n<p><span style=\"font-size: 10pt\"><strong>Cumplir con el deber de informaci\u00f3n y obtenci\u00f3n de consentimientos<\/strong>&nbsp;requeridos por la nueva<\/span><br><span style=\"font-size: 10pt\">normativa europea de protecci\u00f3n se datos de car\u00e1cter personal.<\/span><\/p>\n<p><span style=\"font-size: 10pt\"><strong>Clientes:<\/strong>&nbsp;Para prestar los servicios relacionados con el desarrollo, mantenimiento y soporte de los servicios contratados. Para la gesti\u00f3n administrativa y contable de su condici\u00f3n como cliente, facturaci\u00f3n, cobros, pagos, etc. Para dar respuesta a sus solicitudes de informaci\u00f3n, presupuestos, comunicaciones, ofertas, noticias, nuevos servicios, consejos tecnol\u00f3gicos, dudas o comentarios sobre nuestros servicios. El suministro de los datos con este fin es obligado, impidi\u00e9ndole en otro caso el cumplimiento del contrato.<\/span><\/p>\n<p><span style=\"font-size: 10pt\"><strong>Si ha proporcionado sus datos a trav\u00e9s de la web, de las redes sociales o por v\u00eda telef\u00f3nica:<\/strong><\/span><br><span style=\"font-size: 10pt\">Para solicitar informaci\u00f3n o realizar una petici\u00f3n a ARISTARIA S.L. , sus datos personales ser\u00e1n utilizados para atender su solicitud, incluido el env\u00edo de propuestas de servicios si as\u00ed lo ha solicitado y su posterior seguimiento comercial. El suministro de los datos con este fin es obligado, impidi\u00e9ndole en otro caso el cumplimiento del env\u00edo de la documentaci\u00f3n que nos solicita.<\/span><\/p>\n<p><span style=\"font-size: 10pt\"><strong>Si ha proporcionado sus datos a trav\u00e9s de la web:<\/strong>&nbsp;Para recibir comunicaciones sobre novedades y noticias redactadas por nuestros departamentos y relacionadas con nuestra actividad, se le enviar\u00e1 a su direcci\u00f3n de correo electr\u00f3nico hasta que usted manifieste su voluntad de no seguir recibi\u00e9ndolo mediante el mecanismo indicado a tal efecto en cada comunicaci\u00f3n. Tras la recepci\u00f3n de la confirmaci\u00f3n de baja, su direcci\u00f3n de correo electr\u00f3nico ser\u00e1 eliminado de la lista de distribuci\u00f3n en un plazo m\u00e1ximo de 1 mes. En cualquier caso, la autorizaci\u00f3n para tratar sus datos con este fin es voluntaria y su negativa s\u00f3lo tendr\u00e1 como consecuencia el hecho de que usted no recibir\u00eda dichas comunicaciones.<\/span><\/p>\n<p><span style=\"font-size: 10pt\"><strong>Si ha introducido sus datos para realizar un comentario en el Blog:<\/strong>&nbsp;el comentario y nombre o alias empleado, ser\u00e1 publicado en la web y podr\u00e1 ser visible por usuarios con acceso a Internet. Los datos ser\u00e1n visibles mientras el sitio web o el art\u00edculo concreto est\u00e9 activo.<\/span><\/p>\n<p><span style=\"font-size: 10pt\">Cualquier otro tipo de tratamiento no incluido en los casos aqu\u00ed descritos,ARISTARIA S.L. proporcionar\u00e1 al interesado, la informaci\u00f3n aplicable para cada caso espec\u00edfico, de acuerdo a la legislaci\u00f3n vigente.<\/span><\/p>\n<ul>\n<li><span style=\"font-size: 10pt\"><strong>\u00bfQu\u00e9 datos tratamos?<\/strong><\/span><\/li>\n<\/ul>\n<p><span style=\"font-size: 10pt\">ARISTARIA S.L. \u00fanicamente tratar\u00e1 los datos estrictamente necesarios para la correcta gesti\u00f3n de la relaci\u00f3n contractual y\/o prestaci\u00f3n de los servicios, y ser\u00e1 exclusivamente los que usted nos haya facilitado.<\/span><\/p>\n<ul>\n<li><span style=\"font-size: 10pt\"><strong>\u00bfDurante cu\u00e1nto tiempo conservaremos sus datos?<\/strong><\/span><\/li>\n<\/ul>\n<p><span style=\"font-size: 10pt\">ARISTARIA S.L. , conservar\u00e1 los datos personales que nos proporcione:<\/span><\/p>\n<p><span style=\"font-size: 10pt\"><strong>Cliente:<\/strong> mientras se mantenga una relaci\u00f3n contractual\/mercantil vigente, o bien durante los a\u00f1os necesarios para cumplir con las obligaciones legales, en concreto, al menos 5 a\u00f1os desde la \u00faltima relaci\u00f3n negocial con nuestros servicios. No obstante, ARISTARIA S.L. seguir\u00e1 conservando su informaci\u00f3n para el env\u00edo de comunicaciones comerciales que consideremos sea de su inter\u00e9s, mientras no se solicite su<\/span><br><span style=\"font-size: 10pt\">supresi\u00f3n por el interesado.<\/span><\/p>\n<p><span style=\"font-size: 10pt\"><strong>A trav\u00e9s de la web para solicitar informaci\u00f3n o realizar una petici\u00f3n:<\/strong>&nbsp;mientras se mantenga una relaci\u00f3n comercial o nos solicite la supresi\u00f3n de sus datos.<\/span><\/p>\n<p><span style=\"font-size: 10pt\">Siempre podr\u00e1 ejercitar los derechos que le reconoce la normativa vigente poni\u00e9ndose en contacto a trav\u00e9s de la v\u00eda que le sea m\u00e1s c\u00f3moda, tal y como explicamos m\u00e1s abajo.<\/span><\/p>\n<ul>\n<li><span style=\"font-size: 10pt\"><strong>\u00bfCu\u00e1l es la legitimaci\u00f3n para el tratamiento de sus datos?<\/strong><\/span><\/li>\n<\/ul>\n<p><span style=\"font-size: 10pt\"><strong>Cliente:<\/strong> ARISTARIA S.L. tratamos sus datos en cumplimiento de un contrato de prestaci\u00f3n de servicios, para la llevanza de todos los asuntos relacionados con nuestros servicios adem\u00e1s de contar con su consentimiento expreso para el tratamiento de dicha informaci\u00f3n personal.<\/span><\/p>\n<p><span style=\"font-size: 10pt\"><strong>Consentimiento del interesado:<\/strong>&nbsp;En base al art\u00edculo 7 del RGPD, el consentimiento del interesado se ha solicitado de forma inteligible y de f\u00e1cil acceso, utilizando un lenguaje claro y sencillo. El interesado tiene derecho a retirar su consentimiento en cualquier momento.<\/span><\/p>\n<ul>\n<li><span style=\"font-size: 10pt\"><strong>\u00bfA qu\u00e9 destinatarios se comunicar\u00e1n sus datos?<\/strong><\/span><\/li>\n<\/ul>\n<p><span style=\"font-size: 10pt\">No se comunicar\u00e1n sus datos a ning\u00fan tercero, salvo obligaciones legales vigentes.<\/span><br><span style=\"font-size: 10pt\">En el caso que cambie esta posibilidad se le informar\u00e1 debidamente, solicitando su consentimiento para dicha cesi\u00f3n. Le informamos que tampoco se realizar\u00e1n transferencias internacionales.<\/span><\/p>\n<p><span style=\"font-size: 10pt\">No obstante, es nuestra obligaci\u00f3n revisar y elegir prestadores de servicios a ARISTARIA S.L. . que ofrezcan las garant\u00edas necesarias en materia de protecci\u00f3n de datos y privacidad. Para ello le informamos que hemos seleccionado a las entidades que ofrecen las garant\u00edas necesarias para proteger nuestros datos personales y los de nuestros clientes, para lo cual se han formalizado contratos de servicios con cl\u00e1usulas espec\u00edficas en materia de protecci\u00f3n de datos y privacidad donde se garantizan unas medidas de seguridad adecuadas para proteger toda la informaci\u00f3n personal a la que pudieran tener acceso.<\/span><\/p>\n<ul>\n<li><span style=\"font-size: 10pt\"><strong>\u00bfCu\u00e1les son sus derechos cuando nos facilita sus datos?<\/strong><\/span><\/li>\n<\/ul>\n<p><span style=\"font-size: 10pt\">Cualquier persona tiene derecho a obtener confirmaci\u00f3n sobre si estamos tratando datos personales que les conciernan o no. En este sentido, usted tiene derecho a solicitar:<\/span><\/p>\n<p><span style=\"font-size: 10pt\">Acceso: El interesado tendr\u00e1 derecho a obtener del responsable del tratamiento confirmaci\u00f3n de si se est\u00e1n tratando o no los datos que le conciernan, as\u00ed como informaci\u00f3n detallada acerca de determinados aspectos del tratamiento que se est\u00e9 llevando a cabo.<\/span><\/p>\n<p><span style=\"font-size: 10pt\"><strong>Rectificaci\u00f3n<\/strong>: El interesado tendr\u00e1 derecho a obtener la rectificaci\u00f3n de los datos personales inexactos que le conciernan o que se completen aquellos que fueran incompletos.<\/span><\/p>\n<p><span style=\"font-size: 10pt\"><strong>Supresi\u00f3n<\/strong>: El interesado tendr\u00e1 derecho a solicitar la supresi\u00f3n de sus datos personales, en todo caso la supresi\u00f3n estar\u00e1 sujeta a los l\u00edmites establecidos en la norma reguladora.<\/span><\/p>\n<p><span style=\"font-size: 10pt\"><strong>Limitaci\u00f3n de su tratamiento<\/strong>: El interesado tendr\u00e1 derecho a solicitar la limitaci\u00f3n respecto al tratamiento de sus datos de car\u00e1cter personal en los casos establecidos por el RGPD, en cuyo caso, solamente los conservaremos para el ejercicio o defensa de reclamaciones.<\/span><\/p>\n<p><span style=\"font-size: 10pt\"><strong>Oposici\u00f3n al tratamiento<\/strong>: En determinadas circunstancias y por motivos relacionados con su situaci\u00f3n particular, los interesados podr\u00e1n oponerse al tratamiento de sus datos. La entidad dejar\u00e1 de tratar los datos, salvo por motivos leg\u00edtimos, imperiosos, o el ejercicio o la defensa de posibles reclamaciones.<\/span><\/p>\n<p><span style=\"font-size: 10pt\"><b>Derecho a la portabilidad de sus datos (cuando proceda)<\/b>: Es decir, tendr\u00e1 derecho a recibir los datos personales que le incumban, que haya facilitado a un responsable del tratamiento, en un formato estructurado, de uso com\u00fan y lectura mec\u00e1nica y a transmitirlos a otro responsable del tratamiento.<\/span><\/p>\n<p><span style=\"font-size: 10pt\">Le informamos que, tiene el derecho a retirar, en cualquier momento, el consentimiento otorgado para alguna finalidad espec\u00edfica, sin que ello afecte a la licitud del tratamiento, basado en el consentimiento previo a su retirada.<\/span><\/p>\n<p><span style=\"font-size: 10pt\">Para ejercitar sus derechos, dir\u00edjase al responsable, mediante el env\u00edo de una solicitud por escrito a la direcci\u00f3n facilitada al inicio del presente documento o al correo electr\u00f3nico:&nbsp;<span style=\"text-decoration: underline\">info@aristaria.es<\/span> indicando el derecho que desea ejercitar y aportando una copia por las dos caras de su DNI, pasaporte u otro documento equivalente acreditativo de su identidad y, en su caso, de la persona que lo represente. Adicionalmente, en caso de que entendiera que no se han atendido adecuadamente sus derechos, le informamos que la legislaci\u00f3n vigente contempla su derecho de presentar una reclamaci\u00f3n ante una autoridad de control<\/span><\/p>\n<p><span style=\"font-size: 10pt\">Si desea obtener informaci\u00f3n adicional al respecto, puede dirigirse a la Agencia Espa\u00f1ola de Protecci\u00f3n de Datos (<a href=\"https:\/\/www.agpd.es\/\">www.agpd.es<\/a>)<\/span><\/p>\n<p><span style=\"font-size: 10pt\">Reglamento (UE) 2016\/679 del Parlamento Europeo y del Consejo de 27 de abril de 2016 relativo a la protecci\u00f3n de las personas f\u00edsicas en lo que respecta al tratamiento de datos personales y a la libre circulaci\u00f3n de estos datos (RGPD).<\/span><\/p>\t\t\t\t\t<\/div>\n\t\t\t\t\t\t<\/div>\n\t\t\t\t<\/div>\n\t\t\t\t\t\t<\/div>\n\t\t\t\t\t<\/div>\n\t\t<\/div>\n\t\t\t\t\t\t\t\t<\/div>\n\t\t\t\t\t<\/div>\n\t\t<\/section>\n\t\t\t\t\t\t\t\t\t<\/div>\n\t\t\t<\/div>\n\t\t\t\t\t<\/div>\n\t\t","protected":false},"excerpt":{"rendered":"<p>\u00bfQui\u00e9n es el Responsable del tratamiento de sus datos? El titular del presente Sitio es: Raz\u00f3n social: ARISTARIA S.LNIF: B96759840Domicilio: Partida Puntal de la Creu s\/n 46190 Ribarroja de TuriaTel\u00e9fono: 961 653 773Inscrita en el Registro:&nbsp; Registro Mercantil de Valencia, al tomo 6067, libro 3373, folio 121, secci\u00f3n 8. hoja V-60110, inscripci\u00f3n 1\u00aa Correo electr\u00f3nico:&nbsp;info@aristaria.esNombre &hellip; <\/p>\n<p class=\"link-more\"><a href=\"https:\/\/aristaria.es\/?page_id=490\" class=\"more-link\">Continuar leyendo<span class=\"screen-reader-text\"> \u00abPol\u00edtica de privacidad\u00bb<\/span><\/a><\/p>\n","protected":false},"author":1,"featured_media":0,"parent":0,"menu_order":0,"comment_status":"closed","ping_status":"closed","template":"elementor_header_footer","meta":{"footnotes":""},"class_list":["post-490","page","type-page","status-publish","hentry"],"yoast_head":"<!-- This site is optimized with the Yoast SEO plugin v20.10 - https:\/\/yoast.com\/wordpress\/plugins\/seo\/ -->\n<title>Pol\u00edtica de privacidad - Aristaria S.L<\/title>\n<meta name=\"robots\" content=\"index, follow, max-snippet:-1, max-image-preview:large, max-video-preview:-1\" \/>\n<link rel=\"canonical\" href=\"https:\/\/aristaria.es\/?page_id=490\" \/>\n<meta property=\"og:locale\" content=\"es_ES\" \/>\n<meta property=\"og:type\" content=\"article\" \/>\n<meta property=\"og:title\" content=\"Pol\u00edtica de privacidad - Aristaria S.L\" \/>\n<meta property=\"og:description\" content=\"\u00bfQui\u00e9n es el Responsable del tratamiento de sus datos? El titular del presente Sitio es: Raz\u00f3n social: ARISTARIA S.LNIF: B96759840Domicilio: Partida Puntal de la Creu s\/n 46190 Ribarroja de TuriaTel\u00e9fono: 961 653 773Inscrita en el Registro:&nbsp; Registro Mercantil de Valencia, al tomo 6067, libro 3373, folio 121, secci\u00f3n 8. hoja V-60110, inscripci\u00f3n 1\u00aa Correo electr\u00f3nico:&nbsp;info@aristaria.esNombre &hellip; Continuar leyendo &quot;Pol\u00edtica de privacidad&quot;\" \/>\n<meta property=\"og:url\" content=\"https:\/\/aristaria.es\/?page_id=490\" \/>\n<meta property=\"og:site_name\" content=\"Aristaria S.L\" \/>\n<meta property=\"article:modified_time\" content=\"2020-05-16T14:04:58+00:00\" \/>\n<meta name=\"twitter:card\" content=\"summary_large_image\" \/>\n<meta name=\"twitter:label1\" content=\"Tiempo de lectura\" \/>\n\t<meta name=\"twitter:data1\" content=\"7 minutos\" \/>\n<script type=\"application\/ld+json\" class=\"yoast-schema-graph\">{\"@context\":\"https:\/\/schema.org\",\"@graph\":[{\"@type\":\"WebPage\",\"@id\":\"https:\/\/aristaria.es\/?page_id=490\",\"url\":\"https:\/\/aristaria.es\/?page_id=490\",\"name\":\"Pol\u00edtica de privacidad - Aristaria S.L\",\"isPartOf\":{\"@id\":\"https:\/\/aristaria.es\/#website\"},\"datePublished\":\"2020-05-16T12:06:34+00:00\",\"dateModified\":\"2020-05-16T14:04:58+00:00\",\"breadcrumb\":{\"@id\":\"https:\/\/aristaria.es\/?page_id=490#breadcrumb\"},\"inLanguage\":\"es\",\"potentialAction\":[{\"@type\":\"ReadAction\",\"target\":[\"https:\/\/aristaria.es\/?page_id=490\"]}]},{\"@type\":\"BreadcrumbList\",\"@id\":\"https:\/\/aristaria.es\/?page_id=490#breadcrumb\",\"itemListElement\":[{\"@type\":\"ListItem\",\"position\":1,\"name\":\"Portada\",\"item\":\"https:\/\/aristaria.es\/\"},{\"@type\":\"ListItem\",\"position\":2,\"name\":\"Pol\u00edtica de privacidad\"}]},{\"@type\":\"WebSite\",\"@id\":\"https:\/\/aristaria.es\/#website\",\"url\":\"https:\/\/aristaria.es\/\",\"name\":\"Aristaria S.L\",\"description\":\"Cantera de \u00e1ridos\",\"publisher\":{\"@id\":\"https:\/\/aristaria.es\/#organization\"},\"potentialAction\":[{\"@type\":\"SearchAction\",\"target\":{\"@type\":\"EntryPoint\",\"urlTemplate\":\"https:\/\/aristaria.es\/?s={search_term_string}\"},\"query-input\":\"required name=search_term_string\"}],\"inLanguage\":\"es\"},{\"@type\":\"Organization\",\"@id\":\"https:\/\/aristaria.es\/#organization\",\"name\":\"Aristaria S.L\",\"url\":\"https:\/\/aristaria.es\/\",\"logo\":{\"@type\":\"ImageObject\",\"inLanguage\":\"es\",\"@id\":\"https:\/\/aristaria.es\/#\/schema\/logo\/image\/\",\"url\":\"https:\/\/aristaria.es\/wp-content\/uploads\/2020\/05\/cropped-aristaria-logo-1.png\",\"contentUrl\":\"https:\/\/aristaria.es\/wp-content\/uploads\/2020\/05\/cropped-aristaria-logo-1.png\",\"width\":250,\"height\":250,\"caption\":\"Aristaria S.L\"},\"image\":{\"@id\":\"https:\/\/aristaria.es\/#\/schema\/logo\/image\/\"}}]}<\/script>\n<!-- \/ Yoast SEO plugin. -->","yoast_head_json":{"title":"Pol\u00edtica de privacidad - Aristaria S.L","robots":{"index":"index","follow":"follow","max-snippet":"max-snippet:-1","max-image-preview":"max-image-preview:large","max-video-preview":"max-video-preview:-1"},"canonical":"https:\/\/aristaria.es\/?page_id=490","og_locale":"es_ES","og_type":"article","og_title":"Pol\u00edtica de privacidad - Aristaria S.L","og_description":"\u00bfQui\u00e9n es el Responsable del tratamiento de sus datos? El titular del presente Sitio es: Raz\u00f3n social: ARISTARIA S.LNIF: B96759840Domicilio: Partida Puntal de la Creu s\/n 46190 Ribarroja de TuriaTel\u00e9fono: 961 653 773Inscrita en el Registro:&nbsp; Registro Mercantil de Valencia, al tomo 6067, libro 3373, folio 121, secci\u00f3n 8. hoja V-60110, inscripci\u00f3n 1\u00aa Correo electr\u00f3nico:&nbsp;info@aristaria.esNombre &hellip; Continuar leyendo \"Pol\u00edtica de privacidad\"","og_url":"https:\/\/aristaria.es\/?page_id=490","og_site_name":"Aristaria S.L","article_modified_time":"2020-05-16T14:04:58+00:00","twitter_card":"summary_large_image","twitter_misc":{"Tiempo de lectura":"7 minutos"},"schema":{"@context":"https:\/\/schema.org","@graph":[{"@type":"WebPage","@id":"https:\/\/aristaria.es\/?page_id=490","url":"https:\/\/aristaria.es\/?page_id=490","name":"Pol\u00edtica de privacidad - Aristaria S.L","isPartOf":{"@id":"https:\/\/aristaria.es\/#website"},"datePublished":"2020-05-16T12:06:34+00:00","dateModified":"2020-05-16T14:04:58+00:00","breadcrumb":{"@id":"https:\/\/aristaria.es\/?page_id=490#breadcrumb"},"inLanguage":"es","potentialAction":[{"@type":"ReadAction","target":["https:\/\/aristaria.es\/?page_id=490"]}]},{"@type":"BreadcrumbList","@id":"https:\/\/aristaria.es\/?page_id=490#breadcrumb","itemListElement":[{"@type":"ListItem","position":1,"name":"Portada","item":"https:\/\/aristaria.es\/"},{"@type":"ListItem","position":2,"name":"Pol\u00edtica de privacidad"}]},{"@type":"WebSite","@id":"https:\/\/aristaria.es\/#website","url":"https:\/\/aristaria.es\/","name":"Aristaria S.L","description":"Cantera de \u00e1ridos","publisher":{"@id":"https:\/\/aristaria.es\/#organization"},"potentialAction":[{"@type":"SearchAction","target":{"@type":"EntryPoint","urlTemplate":"https:\/\/aristaria.es\/?s={search_term_string}"},"query-input":"required name=search_term_string"}],"inLanguage":"es"},{"@type":"Organization","@id":"https:\/\/aristaria.es\/#organization","name":"Aristaria S.L","url":"https:\/\/aristaria.es\/","logo":{"@type":"ImageObject","inLanguage":"es","@id":"https:\/\/aristaria.es\/#\/schema\/logo\/image\/","url":"https:\/\/aristaria.es\/wp-content\/uploads\/2020\/05\/cropped-aristaria-logo-1.png","contentUrl":"https:\/\/aristaria.es\/wp-content\/uploads\/2020\/05\/cropped-aristaria-logo-1.png","width":250,"height":250,"caption":"Aristaria S.L"},"image":{"@id":"https:\/\/aristaria.es\/#\/schema\/logo\/image\/"}}]}},"_links":{"self":[{"href":"https:\/\/aristaria.es\/index.php?rest_route=\/wp\/v2\/pages\/490","targetHints":{"allow":["GET"]}}],"collection":[{"href":"https:\/\/aristaria.es\/index.php?rest_route=\/wp\/v2\/pages"}],"about":[{"href":"https:\/\/aristaria.es\/index.php?rest_route=\/wp\/v2\/types\/page"}],"author":[{"embeddable":true,"href":"https:\/\/aristaria.es\/index.php?rest_route=\/wp\/v2\/users\/1"}],"replies":[{"embeddable":true,"href":"https:\/\/aristaria.es\/index.php?rest_route=%2Fwp%2Fv2%2Fcomments&post=490"}],"version-history":[{"count":4,"href":"https:\/\/aristaria.es\/index.php?rest_route=\/wp\/v2\/pages\/490\/revisions"}],"predecessor-version":[{"id":530,"href":"https:\/\/aristaria.es\/index.php?rest_route=\/wp\/v2\/pages\/490\/revisions\/530"}],"wp:attachment":[{"href":"https:\/\/aristaria.es\/index.php?rest_route=%2Fwp%2Fv2%2Fmedia&parent=490"}],"curies":[{"name":"wp","href":"https:\/\/api.w.org\/{rel}","templated":true}]}}