{"id":270,"date":"2020-05-13T15:42:43","date_gmt":"2020-05-13T15:42:43","guid":{"rendered":"https:\/\/aristaria.es\/?page_id=270"},"modified":"2025-06-27T12:16:41","modified_gmt":"2025-06-27T12:16:41","slug":"certificado-de-conformidad-del-control-de-produccion-en-fabrica","status":"publish","type":"page","link":"https:\/\/aristaria.es\/?page_id=270","title":{"rendered":"Certificado de conformidad del Control de producci\u00f3n en f\u00e1brica"},"content":{"rendered":"\t\t<div data-elementor-type=\"wp-page\" data-elementor-id=\"270\" class=\"elementor elementor-270\">\n\t\t\t\t\t\t<div class=\"elementor-inner\">\n\t\t\t\t<div class=\"elementor-section-wrap\">\n\t\t\t\t\t\t\t\t\t<section class=\"elementor-section elementor-top-section elementor-element elementor-element-504e051d elementor-section-boxed elementor-section-height-default elementor-section-height-default\" data-id=\"504e051d\" data-element_type=\"section\" data-settings=\"{&quot;background_background&quot;:&quot;classic&quot;}\">\n\t\t\t\t\t\t<div class=\"elementor-container elementor-column-gap-default\">\n\t\t\t\t\t\t\t<div class=\"elementor-row\">\n\t\t\t\t\t<div class=\"elementor-column elementor-col-100 elementor-top-column elementor-element elementor-element-61947f9d\" data-id=\"61947f9d\" data-element_type=\"column\">\n\t\t\t<div class=\"elementor-column-wrap elementor-element-populated\">\n\t\t\t\t\t\t\t<div class=\"elementor-widget-wrap\">\n\t\t\t\t\t\t<div class=\"elementor-element elementor-element-6343fbd1 elementor-widget elementor-widget-heading\" data-id=\"6343fbd1\" data-element_type=\"widget\" data-widget_type=\"heading.default\">\n\t\t\t\t<div class=\"elementor-widget-container\">\n\t\t\t<h1 class=\"elementor-heading-title elementor-size-large\">Certificado de conformidad del control de producci\u00f3n en f\u00e1brica<\/h1>\t\t<\/div>\n\t\t\t\t<\/div>\n\t\t\t\t<div class=\"elementor-element elementor-element-366dd31 elementor-align-center elementor-widget elementor-widget-button\" data-id=\"366dd31\" data-element_type=\"widget\" data-widget_type=\"button.default\">\n\t\t\t\t<div class=\"elementor-widget-container\">\n\t\t\t\t\t<div class=\"elementor-button-wrapper\">\n\t\t\t<a class=\"elementor-button elementor-button-link elementor-size-lg elementor-animation-grow\" href=\"https:\/\/aristaria.es\/wp-content\/uploads\/2025\/06\/FI2068-Ed.16-Certificado-CE-AR-y-Anexo-ARISTARIA.pdf\" target=\"_blank\">\n\t\t\t\t\t\t<span class=\"elementor-button-content-wrapper\">\n\t\t\t\t\t\t<span class=\"elementor-button-icon elementor-align-icon-left\">\n\t\t\t\t<i aria-hidden=\"true\" class=\"far fa-arrow-alt-circle-down\"><\/i>\t\t\t<\/span>\n\t\t\t\t\t\t<span class=\"elementor-button-text\">Descargar aqu\u00ed<\/span>\n\t\t<\/span>\n\t\t\t\t\t<\/a>\n\t\t<\/div>\n\t\t\t\t<\/div>\n\t\t\t\t<\/div>\n\t\t\t\t<div class=\"elementor-element elementor-element-25c22be elementor-widget elementor-widget-spacer\" data-id=\"25c22be\" data-element_type=\"widget\" data-widget_type=\"spacer.default\">\n\t\t\t\t<div class=\"elementor-widget-container\">\n\t\t\t\t\t<div class=\"elementor-spacer\">\n\t\t\t<div class=\"elementor-spacer-inner\"><\/div>\n\t\t<\/div>\n\t\t\t\t<\/div>\n\t\t\t\t<\/div>\n\t\t\t\t<div class=\"elementor-element elementor-element-1d72d96 elementor-widget elementor-widget-spacer\" data-id=\"1d72d96\" data-element_type=\"widget\" data-widget_type=\"spacer.default\">\n\t\t\t\t<div class=\"elementor-widget-container\">\n\t\t\t\t\t<div class=\"elementor-spacer\">\n\t\t\t<div class=\"elementor-spacer-inner\"><\/div>\n\t\t<\/div>\n\t\t\t\t<\/div>\n\t\t\t\t<\/div>\n\t\t\t\t\t\t<\/div>\n\t\t\t\t\t<\/div>\n\t\t<\/div>\n\t\t\t\t\t\t\t\t<\/div>\n\t\t\t\t\t<\/div>\n\t\t<\/section>\n\t\t\t\t<section class=\"elementor-section elementor-top-section elementor-element elementor-element-75063e29 elementor-section-boxed elementor-section-height-default elementor-section-height-default\" data-id=\"75063e29\" data-element_type=\"section\">\n\t\t\t\t\t\t\t<div class=\"elementor-background-overlay\"><\/div>\n\t\t\t\t\t\t\t<div class=\"elementor-container elementor-column-gap-default\">\n\t\t\t\t\t\t\t<div class=\"elementor-row\">\n\t\t\t\t\t<div class=\"elementor-column elementor-col-50 elementor-top-column elementor-element elementor-element-5994a03e\" data-id=\"5994a03e\" data-element_type=\"column\">\n\t\t\t<div class=\"elementor-column-wrap elementor-element-populated\">\n\t\t\t\t\t\t\t<div class=\"elementor-widget-wrap\">\n\t\t\t\t\t\t<div class=\"elementor-element elementor-element-7bd62dde elementor-view-default elementor-widget elementor-widget-icon\" data-id=\"7bd62dde\" data-element_type=\"widget\" data-widget_type=\"icon.default\">\n\t\t\t\t<div class=\"elementor-widget-container\">\n\t\t\t\t\t<div class=\"elementor-icon-wrapper\">\n\t\t\t<div class=\"elementor-icon\">\n\t\t\t<i aria-hidden=\"true\" class=\"fas fa-phone\"><\/i>\t\t\t<\/div>\n\t\t<\/div>\n\t\t\t\t<\/div>\n\t\t\t\t<\/div>\n\t\t\t\t<div class=\"elementor-element elementor-element-1f325e0c elementor-widget elementor-widget-heading\" data-id=\"1f325e0c\" data-element_type=\"widget\" data-widget_type=\"heading.default\">\n\t\t\t\t<div class=\"elementor-widget-container\">\n\t\t\t<h2 class=\"elementor-heading-title elementor-size-small\">961 653 773 - 667 475 420\n<\/h2>\t\t<\/div>\n\t\t\t\t<\/div>\n\t\t\t\t\t\t<\/div>\n\t\t\t\t\t<\/div>\n\t\t<\/div>\n\t\t\t\t<div class=\"elementor-column elementor-col-50 elementor-top-column elementor-element elementor-element-4a999d4e\" data-id=\"4a999d4e\" data-element_type=\"column\">\n\t\t\t<div class=\"elementor-column-wrap elementor-element-populated\">\n\t\t\t\t\t\t\t<div class=\"elementor-widget-wrap\">\n\t\t\t\t\t\t<div class=\"elementor-element elementor-element-42592c8b elementor-view-default elementor-widget elementor-widget-icon\" data-id=\"42592c8b\" data-element_type=\"widget\" data-widget_type=\"icon.default\">\n\t\t\t\t<div class=\"elementor-widget-container\">\n\t\t\t\t\t<div class=\"elementor-icon-wrapper\">\n\t\t\t<div class=\"elementor-icon\">\n\t\t\t<i aria-hidden=\"true\" class=\"far fa-envelope\"><\/i>\t\t\t<\/div>\n\t\t<\/div>\n\t\t\t\t<\/div>\n\t\t\t\t<\/div>\n\t\t\t\t<div class=\"elementor-element elementor-element-4f880127 elementor-widget elementor-widget-heading\" data-id=\"4f880127\" data-element_type=\"widget\" data-widget_type=\"heading.default\">\n\t\t\t\t<div class=\"elementor-widget-container\">\n\t\t\t<h2 class=\"elementor-heading-title elementor-size-small\">info@aristaria.es<\/h2>\t\t<\/div>\n\t\t\t\t<\/div>\n\t\t\t\t\t\t<\/div>\n\t\t\t\t\t<\/div>\n\t\t<\/div>\n\t\t\t\t\t\t\t\t<\/div>\n\t\t\t\t\t<\/div>\n\t\t<\/section>\n\t\t\t\t\t\t\t\t\t<\/div>\n\t\t\t<\/div>\n\t\t\t\t\t<\/div>\n\t\t","protected":false},"excerpt":{"rendered":"<p>Certificado de conformidad del control de producci\u00f3n en f\u00e1brica Descargar aqu\u00ed 961 653 773 &#8211; 667 475 420 info@aristaria.es<\/p>\n","protected":false},"author":1,"featured_media":0,"parent":0,"menu_order":0,"comment_status":"closed","ping_status":"closed","template":"elementor_header_footer","meta":{"footnotes":""},"class_list":["post-270","page","type-page","status-publish","hentry"],"yoast_head":"<!-- This site is optimized with the Yoast SEO plugin v20.10 - https:\/\/yoast.com\/wordpress\/plugins\/seo\/ -->\n<title>Certificado de conformidad del Control de producci\u00f3n en f\u00e1brica - Aristaria S.L<\/title>\n<meta name=\"description\" content=\"Conoce en Aristaria S.L el certificado de conformidad del control de producci\u00f3n en f\u00e1brica. Descarga la ficha para ver toda la informaci\u00f3n al respecto.\" \/>\n<meta name=\"robots\" content=\"index, follow, max-snippet:-1, max-image-preview:large, max-video-preview:-1\" \/>\n<link rel=\"canonical\" href=\"https:\/\/aristaria.es\/?page_id=270\" \/>\n<meta property=\"og:locale\" content=\"es_ES\" \/>\n<meta property=\"og:type\" content=\"article\" \/>\n<meta property=\"og:title\" content=\"Certificado de conformidad del Control de producci\u00f3n en f\u00e1brica - Aristaria S.L\" \/>\n<meta property=\"og:description\" content=\"Conoce en Aristaria S.L el certificado de conformidad del control de producci\u00f3n en f\u00e1brica. Descarga la ficha para ver toda la informaci\u00f3n al respecto.\" \/>\n<meta property=\"og:url\" content=\"https:\/\/aristaria.es\/?page_id=270\" \/>\n<meta property=\"og:site_name\" content=\"Aristaria S.L\" \/>\n<meta property=\"article:modified_time\" content=\"2025-06-27T12:16:41+00:00\" \/>\n<meta name=\"twitter:card\" content=\"summary_large_image\" \/>\n<meta name=\"twitter:label1\" content=\"Tiempo de lectura\" \/>\n\t<meta name=\"twitter:data1\" content=\"1 minuto\" \/>\n<script type=\"application\/ld+json\" class=\"yoast-schema-graph\">{\"@context\":\"https:\/\/schema.org\",\"@graph\":[{\"@type\":\"WebPage\",\"@id\":\"https:\/\/aristaria.es\/?page_id=270\",\"url\":\"https:\/\/aristaria.es\/?page_id=270\",\"name\":\"Certificado de conformidad del Control de producci\u00f3n en f\u00e1brica - Aristaria S.L\",\"isPartOf\":{\"@id\":\"https:\/\/aristaria.es\/#website\"},\"datePublished\":\"2020-05-13T15:42:43+00:00\",\"dateModified\":\"2025-06-27T12:16:41+00:00\",\"description\":\"Conoce en Aristaria S.L el certificado de conformidad del control de producci\u00f3n en f\u00e1brica. Descarga la ficha para ver toda la informaci\u00f3n al respecto.\",\"breadcrumb\":{\"@id\":\"https:\/\/aristaria.es\/?page_id=270#breadcrumb\"},\"inLanguage\":\"es\",\"potentialAction\":[{\"@type\":\"ReadAction\",\"target\":[\"https:\/\/aristaria.es\/?page_id=270\"]}]},{\"@type\":\"BreadcrumbList\",\"@id\":\"https:\/\/aristaria.es\/?page_id=270#breadcrumb\",\"itemListElement\":[{\"@type\":\"ListItem\",\"position\":1,\"name\":\"Portada\",\"item\":\"https:\/\/aristaria.es\/\"},{\"@type\":\"ListItem\",\"position\":2,\"name\":\"Certificado de conformidad del Control de producci\u00f3n en f\u00e1brica\"}]},{\"@type\":\"WebSite\",\"@id\":\"https:\/\/aristaria.es\/#website\",\"url\":\"https:\/\/aristaria.es\/\",\"name\":\"Aristaria S.L\",\"description\":\"Cantera de \u00e1ridos\",\"publisher\":{\"@id\":\"https:\/\/aristaria.es\/#organization\"},\"potentialAction\":[{\"@type\":\"SearchAction\",\"target\":{\"@type\":\"EntryPoint\",\"urlTemplate\":\"https:\/\/aristaria.es\/?s={search_term_string}\"},\"query-input\":\"required name=search_term_string\"}],\"inLanguage\":\"es\"},{\"@type\":\"Organization\",\"@id\":\"https:\/\/aristaria.es\/#organization\",\"name\":\"Aristaria S.L\",\"url\":\"https:\/\/aristaria.es\/\",\"logo\":{\"@type\":\"ImageObject\",\"inLanguage\":\"es\",\"@id\":\"https:\/\/aristaria.es\/#\/schema\/logo\/image\/\",\"url\":\"https:\/\/aristaria.es\/wp-content\/uploads\/2020\/05\/cropped-aristaria-logo-1.png\",\"contentUrl\":\"https:\/\/aristaria.es\/wp-content\/uploads\/2020\/05\/cropped-aristaria-logo-1.png\",\"width\":250,\"height\":250,\"caption\":\"Aristaria S.L\"},\"image\":{\"@id\":\"https:\/\/aristaria.es\/#\/schema\/logo\/image\/\"}}]}<\/script>\n<!-- \/ Yoast SEO plugin. -->","yoast_head_json":{"title":"Certificado de conformidad del Control de producci\u00f3n en f\u00e1brica - Aristaria S.L","description":"Conoce en Aristaria S.L el certificado de conformidad del control de producci\u00f3n en f\u00e1brica. Descarga la ficha para ver toda la informaci\u00f3n al respecto.","robots":{"index":"index","follow":"follow","max-snippet":"max-snippet:-1","max-image-preview":"max-image-preview:large","max-video-preview":"max-video-preview:-1"},"canonical":"https:\/\/aristaria.es\/?page_id=270","og_locale":"es_ES","og_type":"article","og_title":"Certificado de conformidad del Control de producci\u00f3n en f\u00e1brica - Aristaria S.L","og_description":"Conoce en Aristaria S.L el certificado de conformidad del control de producci\u00f3n en f\u00e1brica. Descarga la ficha para ver toda la informaci\u00f3n al respecto.","og_url":"https:\/\/aristaria.es\/?page_id=270","og_site_name":"Aristaria S.L","article_modified_time":"2025-06-27T12:16:41+00:00","twitter_card":"summary_large_image","twitter_misc":{"Tiempo de lectura":"1 minuto"},"schema":{"@context":"https:\/\/schema.org","@graph":[{"@type":"WebPage","@id":"https:\/\/aristaria.es\/?page_id=270","url":"https:\/\/aristaria.es\/?page_id=270","name":"Certificado de conformidad del Control de producci\u00f3n en f\u00e1brica - Aristaria S.L","isPartOf":{"@id":"https:\/\/aristaria.es\/#website"},"datePublished":"2020-05-13T15:42:43+00:00","dateModified":"2025-06-27T12:16:41+00:00","description":"Conoce en Aristaria S.L el certificado de conformidad del control de producci\u00f3n en f\u00e1brica. Descarga la ficha para ver toda la informaci\u00f3n al respecto.","breadcrumb":{"@id":"https:\/\/aristaria.es\/?page_id=270#breadcrumb"},"inLanguage":"es","potentialAction":[{"@type":"ReadAction","target":["https:\/\/aristaria.es\/?page_id=270"]}]},{"@type":"BreadcrumbList","@id":"https:\/\/aristaria.es\/?page_id=270#breadcrumb","itemListElement":[{"@type":"ListItem","position":1,"name":"Portada","item":"https:\/\/aristaria.es\/"},{"@type":"ListItem","position":2,"name":"Certificado de conformidad del Control de producci\u00f3n en f\u00e1brica"}]},{"@type":"WebSite","@id":"https:\/\/aristaria.es\/#website","url":"https:\/\/aristaria.es\/","name":"Aristaria S.L","description":"Cantera de \u00e1ridos","publisher":{"@id":"https:\/\/aristaria.es\/#organization"},"potentialAction":[{"@type":"SearchAction","target":{"@type":"EntryPoint","urlTemplate":"https:\/\/aristaria.es\/?s={search_term_string}"},"query-input":"required name=search_term_string"}],"inLanguage":"es"},{"@type":"Organization","@id":"https:\/\/aristaria.es\/#organization","name":"Aristaria S.L","url":"https:\/\/aristaria.es\/","logo":{"@type":"ImageObject","inLanguage":"es","@id":"https:\/\/aristaria.es\/#\/schema\/logo\/image\/","url":"https:\/\/aristaria.es\/wp-content\/uploads\/2020\/05\/cropped-aristaria-logo-1.png","contentUrl":"https:\/\/aristaria.es\/wp-content\/uploads\/2020\/05\/cropped-aristaria-logo-1.png","width":250,"height":250,"caption":"Aristaria S.L"},"image":{"@id":"https:\/\/aristaria.es\/#\/schema\/logo\/image\/"}}]}},"_links":{"self":[{"href":"https:\/\/aristaria.es\/index.php?rest_route=\/wp\/v2\/pages\/270","targetHints":{"allow":["GET"]}}],"collection":[{"href":"https:\/\/aristaria.es\/index.php?rest_route=\/wp\/v2\/pages"}],"about":[{"href":"https:\/\/aristaria.es\/index.php?rest_route=\/wp\/v2\/types\/page"}],"author":[{"embeddable":true,"href":"https:\/\/aristaria.es\/index.php?rest_route=\/wp\/v2\/users\/1"}],"replies":[{"embeddable":true,"href":"https:\/\/aristaria.es\/index.php?rest_route=%2Fwp%2Fv2%2Fcomments&post=270"}],"version-history":[{"count":33,"href":"https:\/\/aristaria.es\/index.php?rest_route=\/wp\/v2\/pages\/270\/revisions"}],"predecessor-version":[{"id":760,"href":"https:\/\/aristaria.es\/index.php?rest_route=\/wp\/v2\/pages\/270\/revisions\/760"}],"wp:attachment":[{"href":"https:\/\/aristaria.es\/index.php?rest_route=%2Fwp%2Fv2%2Fmedia&parent=270"}],"curies":[{"name":"wp","href":"https:\/\/api.w.org\/{rel}","templated":true}]}}