{"id":131,"date":"2020-05-12T15:30:59","date_gmt":"2020-05-12T15:30:59","guid":{"rendered":"https:\/\/aristaria.es\/?page_id=131"},"modified":"2023-05-25T19:27:40","modified_gmt":"2023-05-25T19:27:40","slug":"declaracion-de-prestaciones-ce-del-producto","status":"publish","type":"page","link":"https:\/\/aristaria.es\/?page_id=131","title":{"rendered":"Declaraci\u00f3n de prestaciones CE del producto"},"content":{"rendered":"\t\t<div data-elementor-type=\"wp-page\" data-elementor-id=\"131\" class=\"elementor elementor-131\">\n\t\t\t\t\t\t<div class=\"elementor-inner\">\n\t\t\t\t<div class=\"elementor-section-wrap\">\n\t\t\t\t\t\t\t\t\t<section class=\"elementor-section elementor-top-section elementor-element elementor-element-32eb398a elementor-section-boxed elementor-section-height-default elementor-section-height-default\" data-id=\"32eb398a\" data-element_type=\"section\" data-settings=\"{&quot;background_background&quot;:&quot;classic&quot;}\">\n\t\t\t\t\t\t<div class=\"elementor-container elementor-column-gap-default\">\n\t\t\t\t\t\t\t<div class=\"elementor-row\">\n\t\t\t\t\t<div class=\"elementor-column elementor-col-100 elementor-top-column elementor-element elementor-element-6ff4c90a\" data-id=\"6ff4c90a\" data-element_type=\"column\">\n\t\t\t<div class=\"elementor-column-wrap elementor-element-populated\">\n\t\t\t\t\t\t\t<div class=\"elementor-widget-wrap\">\n\t\t\t\t\t\t<div class=\"elementor-element elementor-element-1be4cb5e elementor-widget elementor-widget-heading\" data-id=\"1be4cb5e\" data-element_type=\"widget\" data-widget_type=\"heading.default\">\n\t\t\t\t<div class=\"elementor-widget-container\">\n\t\t\t<h1 class=\"elementor-heading-title elementor-size-large\">Declaraci\u00f3n de prestaciones\n CE del producto<\/h1>\t\t<\/div>\n\t\t\t\t<\/div>\n\t\t\t\t<div class=\"elementor-element elementor-element-7dd8f10 elementor-align-center elementor-widget elementor-widget-button\" data-id=\"7dd8f10\" data-element_type=\"widget\" data-widget_type=\"button.default\">\n\t\t\t\t<div class=\"elementor-widget-container\">\n\t\t\t\t\t<div class=\"elementor-button-wrapper\">\n\t\t\t<a class=\"elementor-button elementor-button-link elementor-size-lg elementor-animation-grow\" href=\"https:\/\/aristaria.es\/wp-content\/uploads\/2023\/05\/DECLARACION-DE-PRESTACIONES-2022-Ed.6.pdf\" target=\"_blank\">\n\t\t\t\t\t\t<span class=\"elementor-button-content-wrapper\">\n\t\t\t\t\t\t<span class=\"elementor-button-icon elementor-align-icon-left\">\n\t\t\t\t<i aria-hidden=\"true\" class=\"far fa-arrow-alt-circle-down\"><\/i>\t\t\t<\/span>\n\t\t\t\t\t\t<span class=\"elementor-button-text\">Descargar aqu\u00ed<\/span>\n\t\t<\/span>\n\t\t\t\t\t<\/a>\n\t\t<\/div>\n\t\t\t\t<\/div>\n\t\t\t\t<\/div>\n\t\t\t\t<div class=\"elementor-element elementor-element-a03cd20 elementor-widget elementor-widget-spacer\" data-id=\"a03cd20\" data-element_type=\"widget\" data-widget_type=\"spacer.default\">\n\t\t\t\t<div class=\"elementor-widget-container\">\n\t\t\t\t\t<div class=\"elementor-spacer\">\n\t\t\t<div class=\"elementor-spacer-inner\"><\/div>\n\t\t<\/div>\n\t\t\t\t<\/div>\n\t\t\t\t<\/div>\n\t\t\t\t\t\t<\/div>\n\t\t\t\t\t<\/div>\n\t\t<\/div>\n\t\t\t\t\t\t\t\t<\/div>\n\t\t\t\t\t<\/div>\n\t\t<\/section>\n\t\t\t\t<section class=\"elementor-section elementor-top-section elementor-element elementor-element-3075eb27 elementor-section-boxed elementor-section-height-default elementor-section-height-default\" data-id=\"3075eb27\" data-element_type=\"section\">\n\t\t\t\t\t\t\t<div class=\"elementor-background-overlay\"><\/div>\n\t\t\t\t\t\t\t<div class=\"elementor-container elementor-column-gap-default\">\n\t\t\t\t\t\t\t<div class=\"elementor-row\">\n\t\t\t\t\t<div class=\"elementor-column elementor-col-50 elementor-top-column elementor-element elementor-element-2cc77fd4\" data-id=\"2cc77fd4\" data-element_type=\"column\">\n\t\t\t<div class=\"elementor-column-wrap elementor-element-populated\">\n\t\t\t\t\t\t\t<div class=\"elementor-widget-wrap\">\n\t\t\t\t\t\t<div class=\"elementor-element elementor-element-5f0710d7 elementor-view-default elementor-widget elementor-widget-icon\" data-id=\"5f0710d7\" data-element_type=\"widget\" data-widget_type=\"icon.default\">\n\t\t\t\t<div class=\"elementor-widget-container\">\n\t\t\t\t\t<div class=\"elementor-icon-wrapper\">\n\t\t\t<div class=\"elementor-icon\">\n\t\t\t<i aria-hidden=\"true\" class=\"fas fa-phone\"><\/i>\t\t\t<\/div>\n\t\t<\/div>\n\t\t\t\t<\/div>\n\t\t\t\t<\/div>\n\t\t\t\t<div class=\"elementor-element elementor-element-46026f5f elementor-widget elementor-widget-heading\" data-id=\"46026f5f\" data-element_type=\"widget\" data-widget_type=\"heading.default\">\n\t\t\t\t<div class=\"elementor-widget-container\">\n\t\t\t<h2 class=\"elementor-heading-title elementor-size-small\">961 653 773 - 667 475 420\n<\/h2>\t\t<\/div>\n\t\t\t\t<\/div>\n\t\t\t\t\t\t<\/div>\n\t\t\t\t\t<\/div>\n\t\t<\/div>\n\t\t\t\t<div class=\"elementor-column elementor-col-50 elementor-top-column elementor-element elementor-element-4bb7f150\" data-id=\"4bb7f150\" data-element_type=\"column\">\n\t\t\t<div class=\"elementor-column-wrap elementor-element-populated\">\n\t\t\t\t\t\t\t<div class=\"elementor-widget-wrap\">\n\t\t\t\t\t\t<div class=\"elementor-element elementor-element-6c42f039 elementor-view-default elementor-widget elementor-widget-icon\" data-id=\"6c42f039\" data-element_type=\"widget\" data-widget_type=\"icon.default\">\n\t\t\t\t<div class=\"elementor-widget-container\">\n\t\t\t\t\t<div class=\"elementor-icon-wrapper\">\n\t\t\t<div class=\"elementor-icon\">\n\t\t\t<i aria-hidden=\"true\" class=\"far fa-envelope\"><\/i>\t\t\t<\/div>\n\t\t<\/div>\n\t\t\t\t<\/div>\n\t\t\t\t<\/div>\n\t\t\t\t<div class=\"elementor-element elementor-element-25a723ad elementor-widget elementor-widget-heading\" data-id=\"25a723ad\" data-element_type=\"widget\" data-widget_type=\"heading.default\">\n\t\t\t\t<div class=\"elementor-widget-container\">\n\t\t\t<h2 class=\"elementor-heading-title elementor-size-small\">info@aristaria.es<\/h2>\t\t<\/div>\n\t\t\t\t<\/div>\n\t\t\t\t\t\t<\/div>\n\t\t\t\t\t<\/div>\n\t\t<\/div>\n\t\t\t\t\t\t\t\t<\/div>\n\t\t\t\t\t<\/div>\n\t\t<\/section>\n\t\t\t\t\t\t\t\t\t<\/div>\n\t\t\t<\/div>\n\t\t\t\t\t<\/div>\n\t\t","protected":false},"excerpt":{"rendered":"<p>Declaraci\u00f3n de prestaciones CE del producto Descargar aqu\u00ed 961 653 773 &#8211; 667 475 420 info@aristaria.es<\/p>\n","protected":false},"author":1,"featured_media":0,"parent":0,"menu_order":0,"comment_status":"closed","ping_status":"closed","template":"elementor_header_footer","meta":{"footnotes":""},"class_list":["post-131","page","type-page","status-publish","hentry"],"yoast_head":"<!-- This site is optimized with the Yoast SEO plugin v20.10 - https:\/\/yoast.com\/wordpress\/plugins\/seo\/ -->\n<title>Declaraci\u00f3n de prestaciones CE del producto - Aristaria S.L<\/title>\n<meta name=\"robots\" content=\"index, follow, max-snippet:-1, max-image-preview:large, max-video-preview:-1\" \/>\n<link rel=\"canonical\" href=\"https:\/\/aristaria.es\/?page_id=131\" \/>\n<meta property=\"og:locale\" content=\"es_ES\" \/>\n<meta property=\"og:type\" content=\"article\" \/>\n<meta property=\"og:title\" content=\"Declaraci\u00f3n de prestaciones CE del producto - Aristaria S.L\" \/>\n<meta property=\"og:description\" content=\"Declaraci\u00f3n de prestaciones CE del producto Descargar aqu\u00ed 961 653 773 &#8211; 667 475 420 info@aristaria.es\" \/>\n<meta property=\"og:url\" content=\"https:\/\/aristaria.es\/?page_id=131\" \/>\n<meta property=\"og:site_name\" content=\"Aristaria S.L\" \/>\n<meta property=\"article:modified_time\" content=\"2023-05-25T19:27:40+00:00\" \/>\n<meta name=\"twitter:card\" content=\"summary_large_image\" \/>\n<script type=\"application\/ld+json\" class=\"yoast-schema-graph\">{\"@context\":\"https:\/\/schema.org\",\"@graph\":[{\"@type\":\"WebPage\",\"@id\":\"https:\/\/aristaria.es\/?page_id=131\",\"url\":\"https:\/\/aristaria.es\/?page_id=131\",\"name\":\"Declaraci\u00f3n de prestaciones CE del producto - Aristaria S.L\",\"isPartOf\":{\"@id\":\"https:\/\/aristaria.es\/#website\"},\"datePublished\":\"2020-05-12T15:30:59+00:00\",\"dateModified\":\"2023-05-25T19:27:40+00:00\",\"breadcrumb\":{\"@id\":\"https:\/\/aristaria.es\/?page_id=131#breadcrumb\"},\"inLanguage\":\"es\",\"potentialAction\":[{\"@type\":\"ReadAction\",\"target\":[\"https:\/\/aristaria.es\/?page_id=131\"]}]},{\"@type\":\"BreadcrumbList\",\"@id\":\"https:\/\/aristaria.es\/?page_id=131#breadcrumb\",\"itemListElement\":[{\"@type\":\"ListItem\",\"position\":1,\"name\":\"Portada\",\"item\":\"https:\/\/aristaria.es\/\"},{\"@type\":\"ListItem\",\"position\":2,\"name\":\"Declaraci\u00f3n de prestaciones CE del producto\"}]},{\"@type\":\"WebSite\",\"@id\":\"https:\/\/aristaria.es\/#website\",\"url\":\"https:\/\/aristaria.es\/\",\"name\":\"Aristaria S.L\",\"description\":\"Cantera de \u00e1ridos\",\"publisher\":{\"@id\":\"https:\/\/aristaria.es\/#organization\"},\"potentialAction\":[{\"@type\":\"SearchAction\",\"target\":{\"@type\":\"EntryPoint\",\"urlTemplate\":\"https:\/\/aristaria.es\/?s={search_term_string}\"},\"query-input\":\"required name=search_term_string\"}],\"inLanguage\":\"es\"},{\"@type\":\"Organization\",\"@id\":\"https:\/\/aristaria.es\/#organization\",\"name\":\"Aristaria S.L\",\"url\":\"https:\/\/aristaria.es\/\",\"logo\":{\"@type\":\"ImageObject\",\"inLanguage\":\"es\",\"@id\":\"https:\/\/aristaria.es\/#\/schema\/logo\/image\/\",\"url\":\"https:\/\/aristaria.es\/wp-content\/uploads\/2020\/05\/cropped-aristaria-logo-1.png\",\"contentUrl\":\"https:\/\/aristaria.es\/wp-content\/uploads\/2020\/05\/cropped-aristaria-logo-1.png\",\"width\":250,\"height\":250,\"caption\":\"Aristaria S.L\"},\"image\":{\"@id\":\"https:\/\/aristaria.es\/#\/schema\/logo\/image\/\"}}]}<\/script>\n<!-- \/ Yoast SEO plugin. -->","yoast_head_json":{"title":"Declaraci\u00f3n de prestaciones CE del producto - Aristaria S.L","robots":{"index":"index","follow":"follow","max-snippet":"max-snippet:-1","max-image-preview":"max-image-preview:large","max-video-preview":"max-video-preview:-1"},"canonical":"https:\/\/aristaria.es\/?page_id=131","og_locale":"es_ES","og_type":"article","og_title":"Declaraci\u00f3n de prestaciones CE del producto - Aristaria S.L","og_description":"Declaraci\u00f3n de prestaciones CE del producto Descargar aqu\u00ed 961 653 773 &#8211; 667 475 420 info@aristaria.es","og_url":"https:\/\/aristaria.es\/?page_id=131","og_site_name":"Aristaria S.L","article_modified_time":"2023-05-25T19:27:40+00:00","twitter_card":"summary_large_image","schema":{"@context":"https:\/\/schema.org","@graph":[{"@type":"WebPage","@id":"https:\/\/aristaria.es\/?page_id=131","url":"https:\/\/aristaria.es\/?page_id=131","name":"Declaraci\u00f3n de prestaciones CE del producto - Aristaria S.L","isPartOf":{"@id":"https:\/\/aristaria.es\/#website"},"datePublished":"2020-05-12T15:30:59+00:00","dateModified":"2023-05-25T19:27:40+00:00","breadcrumb":{"@id":"https:\/\/aristaria.es\/?page_id=131#breadcrumb"},"inLanguage":"es","potentialAction":[{"@type":"ReadAction","target":["https:\/\/aristaria.es\/?page_id=131"]}]},{"@type":"BreadcrumbList","@id":"https:\/\/aristaria.es\/?page_id=131#breadcrumb","itemListElement":[{"@type":"ListItem","position":1,"name":"Portada","item":"https:\/\/aristaria.es\/"},{"@type":"ListItem","position":2,"name":"Declaraci\u00f3n de prestaciones CE del producto"}]},{"@type":"WebSite","@id":"https:\/\/aristaria.es\/#website","url":"https:\/\/aristaria.es\/","name":"Aristaria S.L","description":"Cantera de \u00e1ridos","publisher":{"@id":"https:\/\/aristaria.es\/#organization"},"potentialAction":[{"@type":"SearchAction","target":{"@type":"EntryPoint","urlTemplate":"https:\/\/aristaria.es\/?s={search_term_string}"},"query-input":"required name=search_term_string"}],"inLanguage":"es"},{"@type":"Organization","@id":"https:\/\/aristaria.es\/#organization","name":"Aristaria S.L","url":"https:\/\/aristaria.es\/","logo":{"@type":"ImageObject","inLanguage":"es","@id":"https:\/\/aristaria.es\/#\/schema\/logo\/image\/","url":"https:\/\/aristaria.es\/wp-content\/uploads\/2020\/05\/cropped-aristaria-logo-1.png","contentUrl":"https:\/\/aristaria.es\/wp-content\/uploads\/2020\/05\/cropped-aristaria-logo-1.png","width":250,"height":250,"caption":"Aristaria S.L"},"image":{"@id":"https:\/\/aristaria.es\/#\/schema\/logo\/image\/"}}]}},"_links":{"self":[{"href":"https:\/\/aristaria.es\/index.php?rest_route=\/wp\/v2\/pages\/131","targetHints":{"allow":["GET"]}}],"collection":[{"href":"https:\/\/aristaria.es\/index.php?rest_route=\/wp\/v2\/pages"}],"about":[{"href":"https:\/\/aristaria.es\/index.php?rest_route=\/wp\/v2\/types\/page"}],"author":[{"embeddable":true,"href":"https:\/\/aristaria.es\/index.php?rest_route=\/wp\/v2\/users\/1"}],"replies":[{"embeddable":true,"href":"https:\/\/aristaria.es\/index.php?rest_route=%2Fwp%2Fv2%2Fcomments&post=131"}],"version-history":[{"count":13,"href":"https:\/\/aristaria.es\/index.php?rest_route=\/wp\/v2\/pages\/131\/revisions"}],"predecessor-version":[{"id":722,"href":"https:\/\/aristaria.es\/index.php?rest_route=\/wp\/v2\/pages\/131\/revisions\/722"}],"wp:attachment":[{"href":"https:\/\/aristaria.es\/index.php?rest_route=%2Fwp%2Fv2%2Fmedia&parent=131"}],"curies":[{"name":"wp","href":"https:\/\/api.w.org\/{rel}","templated":true}]}}